{"id":2330,"date":"2023-09-14T13:05:19","date_gmt":"2023-09-14T11:05:19","guid":{"rendered":"https:\/\/horizonsapps.com\/fr\/?page_id=2330"},"modified":"2023-09-14T19:07:26","modified_gmt":"2023-09-14T17:07:26","slug":"faq","status":"publish","type":"page","link":"https:\/\/horizonsapps.com\/fr\/faq\/","title":{"rendered":"FAQ"},"content":{"rendered":"\t\t<div data-elementor-type=\"wp-page\" data-elementor-id=\"2330\" class=\"elementor elementor-2330\" data-elementor-post-type=\"page\">\n\t\t\t\t\t\t<section class=\"elementor-section elementor-top-section elementor-element elementor-element-e24d30a elementor-section-boxed elementor-section-height-default elementor-section-height-default wpr-particle-no wpr-jarallax-no wpr-parallax-no wpr-sticky-section-no\" data-id=\"e24d30a\" data-element_type=\"section\" data-settings=\"{&quot;background_background&quot;:&quot;classic&quot;}\">\n\t\t\t\t\t\t<div class=\"elementor-container elementor-column-gap-default\">\n\t\t\t\t\t<div class=\"elementor-column elementor-col-100 elementor-top-column elementor-element elementor-element-64f5dc51\" data-id=\"64f5dc51\" data-element_type=\"column\">\n\t\t\t<div class=\"elementor-widget-wrap elementor-element-populated\">\n\t\t\t\t\t\t<div class=\"elementor-element elementor-element-1fc4f3b9 elementor-widget elementor-widget-heading\" data-id=\"1fc4f3b9\" data-element_type=\"widget\" data-widget_type=\"heading.default\">\n\t\t\t\t<div class=\"elementor-widget-container\">\n\t\t\t\t\t<h5 class=\"elementor-heading-title elementor-size-default\">FAQ<\/h5>\t\t\t\t<\/div>\n\t\t\t\t<\/div>\n\t\t\t\t<div class=\"elementor-element elementor-element-2ded1014 elementor-widget elementor-widget-heading\" data-id=\"2ded1014\" data-element_type=\"widget\" data-widget_type=\"heading.default\">\n\t\t\t\t<div class=\"elementor-widget-container\">\n\t\t\t\t\t<h2 class=\"elementor-heading-title elementor-size-default\">Besoin d'Aide ? Consultez Notre FAQ !<\/h2>\t\t\t\t<\/div>\n\t\t\t\t<\/div>\n\t\t\t\t\t<\/div>\n\t\t<\/div>\n\t\t\t\t\t<\/div>\n\t\t<\/section>\n\t\t\t\t<section class=\"elementor-section elementor-top-section elementor-element elementor-element-743bbd5 elementor-section-boxed elementor-section-height-default elementor-section-height-default wpr-particle-no wpr-jarallax-no wpr-parallax-no wpr-sticky-section-no\" data-id=\"743bbd5\" data-element_type=\"section\">\n\t\t\t\t\t\t<div class=\"elementor-container elementor-column-gap-default\">\n\t\t\t\t\t<div class=\"elementor-column elementor-col-100 elementor-top-column elementor-element elementor-element-4ab9677\" data-id=\"4ab9677\" data-element_type=\"column\">\n\t\t\t<div class=\"elementor-widget-wrap elementor-element-populated\">\n\t\t\t\t\t\t<section class=\"elementor-section elementor-inner-section elementor-element elementor-element-7372bec elementor-section-content-top elementor-section-boxed elementor-section-height-default elementor-section-height-default wpr-particle-no wpr-jarallax-no wpr-parallax-no wpr-sticky-section-no\" data-id=\"7372bec\" data-element_type=\"section\">\n\t\t\t\t\t\t<div class=\"elementor-container elementor-column-gap-no\">\n\t\t\t\t\t<div class=\"elementor-column elementor-col-50 elementor-inner-column elementor-element elementor-element-8626e72\" data-id=\"8626e72\" data-element_type=\"column\">\n\t\t\t<div class=\"elementor-widget-wrap elementor-element-populated\">\n\t\t\t\t\t\t<div class=\"elementor-element elementor-element-ff92061 elementor-widget elementor-widget-heading\" data-id=\"ff92061\" data-element_type=\"widget\" data-widget_type=\"heading.default\">\n\t\t\t\t<div class=\"elementor-widget-container\">\n\t\t\t\t\t<h4 class=\"elementor-heading-title elementor-size-default\">Comment et o\u00f9 puis-je t\u00e9l\u00e9charger l\u2019application Horizons ?\u200b<\/h4>\t\t\t\t<\/div>\n\t\t\t\t<\/div>\n\t\t\t\t<div class=\"elementor-element elementor-element-a4fb7bb elementor-widget elementor-widget-text-editor\" data-id=\"a4fb7bb\" data-element_type=\"widget\" data-widget_type=\"text-editor.default\">\n\t\t\t\t<div class=\"elementor-widget-container\">\n\t\t\t\t\t\t\t\t\t<div id=\"#ue-tab4\" class=\"uc_ac_box elementor-repeater-item-0fb010a uc-item-active\"><div class=\"uc_content\"><div class=\"ue-item-text\"><p>L&#8217;application Horizons est disponible au t\u00e9l\u00e9chargement sur la plateforme Google Play Store et pour la t\u00e9l\u00e9charger il faut disposer d\u2019un t\u00e9l\u00e9phone Android. L&#8217;ic\u00f4ne de l&#8217;application Horizons pr\u00e9sente le mot &#8220;horizons&#8221; \u00e9crit en plusieurs couleurs. Une fois que vous avez localis\u00e9 l&#8217;application, cliquez sur son nom pour acc\u00e9der \u00e0 la page de t\u00e9l\u00e9chargement. Vous verrez un bouton &#8220;Installer&#8221; sur cette page &#8211; appuyez dessus pour commencer le t\u00e9l\u00e9chargement et l&#8217;installation.<\/p><\/div><\/div><\/div>\t\t\t\t\t\t\t\t<\/div>\n\t\t\t\t<\/div>\n\t\t\t\t\t<\/div>\n\t\t<\/div>\n\t\t\t\t<div class=\"elementor-column elementor-col-50 elementor-inner-column elementor-element elementor-element-244e30f\" data-id=\"244e30f\" data-element_type=\"column\">\n\t\t\t<div class=\"elementor-widget-wrap elementor-element-populated\">\n\t\t\t\t\t\t<div class=\"elementor-element elementor-element-bbf00e7 elementor-widget elementor-widget-heading\" data-id=\"bbf00e7\" data-element_type=\"widget\" data-widget_type=\"heading.default\">\n\t\t\t\t<div class=\"elementor-widget-container\">\n\t\t\t\t\t<h4 class=\"elementor-heading-title elementor-size-default\">Comment recharger mon portefeuille et quels sont les diff\u00e9rentes \u00e9tapes \u00e0 suivre ?\n<\/h4>\t\t\t\t<\/div>\n\t\t\t\t<\/div>\n\t\t\t\t<div class=\"elementor-element elementor-element-32db0b5 elementor-widget elementor-widget-text-editor\" data-id=\"32db0b5\" data-element_type=\"widget\" data-widget_type=\"text-editor.default\">\n\t\t\t\t<div class=\"elementor-widget-container\">\n\t\t\t\t\t\t\t\t\t<div id=\"#ue-tab2\" class=\"uc_ac_box elementor-repeater-item-ef42f1f uc-item-active\"><div class=\"uc_content\"><div class=\"ue-item-text\"><div id=\"#ue-tab3\" class=\"uc_ac_box elementor-repeater-item-8f89ff5 uc-item-active\"><div class=\"uc_content\"><div class=\"ue-item-text\"><p>Vous pouvez recharger votre portefeuille \u00e0 partir de votre carte de cr\u00e9dit ou vos comptes mobile (MTN mobile money ou Moovmoney). Pour le faire, aller dans le menu Mon compte, puis Recharger mon compte. Ajouter votre num\u00e9ro et le montant \u00e0 recharger, choisissez le mode de payement (KKIAPAY OU FEDAPAY) et validez.<\/p><\/div><\/div><\/div><div id=\"#ue-tab4\" class=\"uc_ac_box elementor-repeater-item-0fb010a \">\u00a0<\/div><\/div><\/div><\/div>\t\t\t\t\t\t\t\t<\/div>\n\t\t\t\t<\/div>\n\t\t\t\t\t<\/div>\n\t\t<\/div>\n\t\t\t\t\t<\/div>\n\t\t<\/section>\n\t\t\t\t<section class=\"elementor-section elementor-inner-section elementor-element elementor-element-de851a0 elementor-section-content-top elementor-section-boxed elementor-section-height-default elementor-section-height-default wpr-particle-no wpr-jarallax-no wpr-parallax-no wpr-sticky-section-no\" data-id=\"de851a0\" data-element_type=\"section\">\n\t\t\t\t\t\t<div class=\"elementor-container elementor-column-gap-no\">\n\t\t\t\t\t<div class=\"elementor-column elementor-col-50 elementor-inner-column elementor-element elementor-element-6e5dd38\" data-id=\"6e5dd38\" data-element_type=\"column\">\n\t\t\t<div class=\"elementor-widget-wrap elementor-element-populated\">\n\t\t\t\t\t\t<div class=\"elementor-element elementor-element-33e959a elementor-widget elementor-widget-heading\" data-id=\"33e959a\" data-element_type=\"widget\" data-widget_type=\"heading.default\">\n\t\t\t\t<div class=\"elementor-widget-container\">\n\t\t\t\t\t<h4 class=\"elementor-heading-title elementor-size-default\">Comment s\u2019effectuent les paiements sur l\u2019application ?\n<\/h4>\t\t\t\t<\/div>\n\t\t\t\t<\/div>\n\t\t\t\t<div class=\"elementor-element elementor-element-c477289 elementor-widget elementor-widget-text-editor\" data-id=\"c477289\" data-element_type=\"widget\" data-widget_type=\"text-editor.default\">\n\t\t\t\t<div class=\"elementor-widget-container\">\n\t\t\t\t\t\t\t\t\t<div id=\"#ue-tab2\" class=\"uc_ac_box elementor-repeater-item-ef42f1f uc-item-active\"><div class=\"uc_content\"><div class=\"ue-item-text\"><p>Le portefeuille virtuel Horizons est l&#8217;outil principal pour effectuer des paiements et des transactions sur la plateforme, garantissant la s\u00e9curit\u00e9 et la facilit\u00e9 d&#8217;utilisation pour les utilisateurs de Horizons.<\/p><\/div><\/div><\/div>\t\t\t\t\t\t\t\t<\/div>\n\t\t\t\t<\/div>\n\t\t\t\t\t<\/div>\n\t\t<\/div>\n\t\t\t\t<div class=\"elementor-column elementor-col-50 elementor-inner-column elementor-element elementor-element-bcb9494\" data-id=\"bcb9494\" data-element_type=\"column\">\n\t\t\t<div class=\"elementor-widget-wrap elementor-element-populated\">\n\t\t\t\t\t\t<div class=\"elementor-element elementor-element-45d0e3e elementor-widget elementor-widget-heading\" data-id=\"45d0e3e\" data-element_type=\"widget\" data-widget_type=\"heading.default\">\n\t\t\t\t<div class=\"elementor-widget-container\">\n\t\t\t\t\t<h4 class=\"elementor-heading-title elementor-size-default\">Comment parrainer un nouvel utilisateur quels sont les avantages obtenus ?\n<\/h4>\t\t\t\t<\/div>\n\t\t\t\t<\/div>\n\t\t\t\t<div class=\"elementor-element elementor-element-5d6912e elementor-widget elementor-widget-text-editor\" data-id=\"5d6912e\" data-element_type=\"widget\" data-widget_type=\"text-editor.default\">\n\t\t\t\t<div class=\"elementor-widget-container\">\n\t\t\t\t\t\t\t\t\t<div id=\"#ue-tab4\" class=\"uc_ac_box elementor-repeater-item-0fb010a uc-item-active\"><div class=\"uc_content\"><div class=\"ue-item-text\"><p>Pour parrainer un nouvel utilisateur il suffit d\u2019aller dans le menu &#8220;Recommander et gagner de l\u2019argent&#8221;. Une fois sur la page, vous verrez votre lien de parrainage s&#8217;afficher. C&#8217;est ce dernier que vous partagerez \u00e0 vos amis et sur vos diff\u00e9rents r\u00e9seaux sociaux. Le parrainage vous permet de gagner 10% de toutes les d\u00e9penses de vos filleuls dans l\u2019application.<\/p><\/div><\/div><\/div><div id=\"#ue-tab5\" class=\"uc_ac_box elementor-repeater-item-99e39ac \"><div class=\"uc-heading uc_trigger\">\u00a0<\/div><\/div>\t\t\t\t\t\t\t\t<\/div>\n\t\t\t\t<\/div>\n\t\t\t\t\t<\/div>\n\t\t<\/div>\n\t\t\t\t\t<\/div>\n\t\t<\/section>\n\t\t\t\t<section class=\"elementor-section elementor-inner-section elementor-element elementor-element-cb8d2e2 elementor-section-content-top elementor-section-boxed elementor-section-height-default elementor-section-height-default wpr-particle-no wpr-jarallax-no wpr-parallax-no wpr-sticky-section-no\" data-id=\"cb8d2e2\" data-element_type=\"section\">\n\t\t\t\t\t\t<div class=\"elementor-container elementor-column-gap-no\">\n\t\t\t\t\t<div class=\"elementor-column elementor-col-50 elementor-inner-column elementor-element elementor-element-29701a1\" data-id=\"29701a1\" data-element_type=\"column\">\n\t\t\t<div class=\"elementor-widget-wrap elementor-element-populated\">\n\t\t\t\t\t\t<div class=\"elementor-element elementor-element-64f53b0 elementor-widget elementor-widget-heading\" data-id=\"64f53b0\" data-element_type=\"widget\" data-widget_type=\"heading.default\">\n\t\t\t\t<div class=\"elementor-widget-container\">\n\t\t\t\t\t<h4 class=\"elementor-heading-title elementor-size-default\">Comment puis-je mettre \u00e0 jour mes informations personnelles et pr\u00e9f\u00e9rences sur mon profil d\u2019utilisateur ?\n<\/h4>\t\t\t\t<\/div>\n\t\t\t\t<\/div>\n\t\t\t\t<div class=\"elementor-element elementor-element-f18fb97 elementor-widget elementor-widget-text-editor\" data-id=\"f18fb97\" data-element_type=\"widget\" data-widget_type=\"text-editor.default\">\n\t\t\t\t<div class=\"elementor-widget-container\">\n\t\t\t\t\t\t\t\t\t<div id=\"#ue-tab12\" class=\"uc_ac_box elementor-repeater-item-bffdffc uc-item-active\"><div class=\"uc_content\"><div class=\"ue-item-text\"><p>Vous pouvez mettre \u00e0 jour vos informations en allant dans la fonction &#8220;Mon compte&#8221; situ\u00e9 dans le menu, puis choisir &#8220;Mes informations&#8221; pour effectuer vos modifications.<\/p><\/div><\/div><\/div>\t\t\t\t\t\t\t\t<\/div>\n\t\t\t\t<\/div>\n\t\t\t\t\t<\/div>\n\t\t<\/div>\n\t\t\t\t<div class=\"elementor-column elementor-col-50 elementor-inner-column elementor-element elementor-element-a737026\" data-id=\"a737026\" data-element_type=\"column\">\n\t\t\t<div class=\"elementor-widget-wrap elementor-element-populated\">\n\t\t\t\t\t\t<div class=\"elementor-element elementor-element-75089e4 elementor-widget elementor-widget-heading\" data-id=\"75089e4\" data-element_type=\"widget\" data-widget_type=\"heading.default\">\n\t\t\t\t<div class=\"elementor-widget-container\">\n\t\t\t\t\t<h4 class=\"elementor-heading-title elementor-size-default\"><h4 class=\"elementor-heading-title elementor-size-default elementor-inline-editing pen\" data-elementor-setting-key=\"title\" data-pen-placeholder=\"\u00c9crivez ici...\" style=\"font-style: normal;font-family: var( --e-global-typography-primary-font-family ), Sans-serif\">Comment puis-je contacter le service client en cas de probl\u00e8me ou de question sur l\u2019application ?<\/h4><\/h4>\t\t\t\t<\/div>\n\t\t\t\t<\/div>\n\t\t\t\t<div class=\"elementor-element elementor-element-d176ea0 elementor-widget elementor-widget-text-editor\" data-id=\"d176ea0\" data-element_type=\"widget\" data-widget_type=\"text-editor.default\">\n\t\t\t\t<div class=\"elementor-widget-container\">\n\t\t\t\t\t\t\t\t\t<p><span style=\"font-style: inherit; font-weight: inherit;\">En cas de probl\u00e8me ou de question sur l\u2019application, vous pouvez nous contacter gr\u00e2ce \u00e0 la fonction &#8220;Nous contacter&#8221; disponible dans le menu.<\/span><\/p>\t\t\t\t\t\t\t\t<\/div>\n\t\t\t\t<\/div>\n\t\t\t\t\t<\/div>\n\t\t<\/div>\n\t\t\t\t\t<\/div>\n\t\t<\/section>\n\t\t\t\t\t<\/div>\n\t\t<\/div>\n\t\t\t\t\t<\/div>\n\t\t<\/section>\n\t\t\t\t<section class=\"elementor-section elementor-top-section elementor-element elementor-element-d588612 elementor-section-boxed elementor-section-height-default elementor-section-height-default wpr-particle-no wpr-jarallax-no wpr-parallax-no wpr-sticky-section-no\" data-id=\"d588612\" data-element_type=\"section\" data-settings=\"{&quot;background_background&quot;:&quot;classic&quot;}\">\n\t\t\t\t\t\t<div class=\"elementor-container elementor-column-gap-default\">\n\t\t\t\t\t<div class=\"elementor-column elementor-col-100 elementor-top-column elementor-element elementor-element-118aabb\" data-id=\"118aabb\" data-element_type=\"column\">\n\t\t\t<div class=\"elementor-widget-wrap elementor-element-populated\">\n\t\t\t\t\t\t<div class=\"elementor-element elementor-element-94a355d elementor-widget elementor-widget-ucaddon_content_accordion\" data-id=\"94a355d\" data-element_type=\"widget\" data-widget_type=\"ucaddon_content_accordion.default\">\n\t\t\t\t<div class=\"elementor-widget-container\">\n\t\t\t\t\t<!-- start Content Accordion -->\n\t\t<link id='font-awesome-css' href='https:\/\/horizonsapps.com\/fr\/wp-content\/plugins\/unlimited-elements-for-elementor-premium\/assets_libraries\/font-awesome5\/css\/fontawesome-all.min.css' type='text\/css' rel='stylesheet' >\n\t\t<link id='font-awesome-4-shim-css' href='https:\/\/horizonsapps.com\/fr\/wp-content\/plugins\/unlimited-elements-for-elementor-premium\/assets_libraries\/font-awesome5\/css\/fontawesome-v4-shims.css' type='text\/css' rel='stylesheet' >\n\n\t\t\t<style type=\"text\/css\">\/* widget: Content Accordion *\/\n\n\n\n#uc_content_accordion_elementor_94a355d *{\n  box-sizing: border-box;\n}\n\n#uc_content_accordion_elementor_94a355d .uc_ac_box\n{\n  overflow:hidden;\n}\n\n\n#uc_content_accordion_elementor_94a355d em\n{\n  font-style: normal;\n}\n\n#uc_content_accordion_elementor_94a355d .ue_heading_title\n{\n  margin:0;\n  flex-grow:1;\n}\n\n#uc_content_accordion_elementor_94a355d .uc_container .uc-heading\n{\n\tdisplay:flex;\n    align-items:center;\n\toverflow:hidden;\n\tcursor:pointer;\n  \n}\n#uc_content_accordion_elementor_94a355d .uc_container .uc_content\n{\n    display:none;\n}\n\n#uc_content_accordion_elementor_94a355d .uc_container .uc-heading span.ue_accordion_icon\n{\n\tdisplay:flex;\n    align-items:center;\n   \tjustify-content:center;\n    flex-grow:0;\n    flex-shrink:0;\n}\n#uc_content_accordion_elementor_94a355d .uc_ac_box.uc-item-active span.uc_dactive\n{\n\tdisplay:none;\n}\n#uc_content_accordion_elementor_94a355d .uc_ac_box:not(.uc-item-active) span.uc_active\n{\n\tdisplay:none;\n}\n#uc_content_accordion_elementor_94a355d span.ue_accordion_icon svg\n{\n  height:1em;\n  width:1em;\n}\n\n#uc_content_accordion_elementor_94a355d .uc_container .uc_btn {\n\n    text-align: center;\n    display: inline-block;\n    text-decoration: none;\n    transition: ease-in-out all 0.25s;\n}\n\n#uc_content_accordion_elementor_94a355d .ue-item-image img\n{\n  width:100%;\n  display:block;\n  object-fit:cover;\n}\n\n<\/style>\n\n\t\t\t<div class=\"uc_material_accordion  \"  id=\"uc_content_accordion_elementor_94a355d\"  data-name=\"\" data-scroll=\"off\" data-offset=\"0\" data-closeothers=\"true\" data-set-hash=\"false\" >\n  <div class=\"uc_container uc-items-wrapper\">\n    \n\t\t\n\n<div id=\"#ue-tab1\" class=\"uc_ac_box elementor-repeater-item-99e39ac uc-item-active\" style=\"background-color:;\">\n  <div class=\"uc-heading uc_trigger\">\n    <span class=\"uc_dactive bbb ue_accordion_icon\"><i class='fas fa-plus'><\/i><\/span> \n    <span class=\"uc_active bbb ue_accordion_icon\"><i class='fas fa-minus'><\/i><\/span>\n    <div class=\"ue_heading_title\">Y a-t-il des frais associ\u00e9s \u00e0 l\u2019utilisation de la fonction de discussion avec des m\u00e9decins ?<\/div>\n  <\/div>\n  \n  <div class=\"uc_content\" style='display:block'>\n        \n      \n         \n                      \n            <div class=\"ue-item-title\">Y a-t-il des frais associ\u00e9s \u00e0 l\u2019utilisation de la fonction de discussion avec des m\u00e9decins ?<\/div>\n      \n              <div class=\"ue-item-text\"><p>La fonction de discussion avec des m\u00e9decins est totalement gratuite.<\/p><\/div>\n      \n              \n      <\/div> \n<\/div>\n\n\n\n<div id=\"#ue-tab2\" class=\"uc_ac_box elementor-repeater-item-d488565 \" style=\"background-color:;\">\n  <div class=\"uc-heading uc_trigger\">\n    <span class=\"uc_dactive bbb ue_accordion_icon\"><i class='fas fa-plus'><\/i><\/span> \n    <span class=\"uc_active bbb ue_accordion_icon\"><i class='fas fa-minus'><\/i><\/span>\n    <div class=\"ue_heading_title\">Est-ce que l\u2019application Horizons propose un service de suivi de colis pour les envois effectu\u00e9s ?<\/div>\n  <\/div>\n  \n  <div class=\"uc_content\" >\n        \n      \n         \n                      \n            <div class=\"ue-item-title\">Est-ce que l\u2019application Horizons propose un service de suivi de colis pour les envois effectu\u00e9s ?<\/div>\n      \n              <div class=\"ue-item-text\"><p>L\u2019application Horizons dispose d\u2019un service de suivi de colis tr\u00e8s efficace pour les envois effectu\u00e9s. Vous savez \u00e0 chaque instant \u00e0 quel niveau se trouve votre colis.<\/p><\/div>\n      \n              \n      <\/div> \n<\/div>\n\n\n\n<div id=\"#ue-tab3\" class=\"uc_ac_box elementor-repeater-item-956001b \" style=\"background-color:;\">\n  <div class=\"uc-heading uc_trigger\">\n    <span class=\"uc_dactive bbb ue_accordion_icon\"><i class='fas fa-plus'><\/i><\/span> \n    <span class=\"uc_active bbb ue_accordion_icon\"><i class='fas fa-minus'><\/i><\/span>\n    <div class=\"ue_heading_title\">Comment puis-je mettre en avant mes articles pour augmenter leur visibilit\u00e9 dans les sections Shopping ou Repas ?<\/div>\n  <\/div>\n  \n  <div class=\"uc_content\" >\n        \n      \n         \n                      \n            <div class=\"ue-item-title\">Comment puis-je mettre en avant mes articles pour augmenter leur visibilit\u00e9 dans les sections Shopping ou Repas ?<\/div>\n      \n              <div class=\"ue-item-text\"><p>Nous mettons \u00e0 la disposition des boutiques inscrites, un syst\u00e8me leur permettant de mettre certains de leurs produits \"En Vedette\". Les produits en vedette sont les premiers \u00e0 \u00eatre affich\u00e9s, ce qui augmente leur visibilit\u00e9.<\/p><\/div>\n      \n              \n      <\/div> \n<\/div>\n\n\n\n<div id=\"#ue-tab4\" class=\"uc_ac_box elementor-repeater-item-aa8dd6f \" style=\"background-color:;\">\n  <div class=\"uc-heading uc_trigger\">\n    <span class=\"uc_dactive bbb ue_accordion_icon\"><i class='fas fa-plus'><\/i><\/span> \n    <span class=\"uc_active bbb ue_accordion_icon\"><i class='fas fa-minus'><\/i><\/span>\n    <div class=\"ue_heading_title\">Est-ce que Horizons propose des r\u00e9ductions ou des promotions sp\u00e9ciales pour les commandes dans les maquis et restaurant partenaires ?<\/div>\n  <\/div>\n  \n  <div class=\"uc_content\" >\n        \n      \n         \n                      \n            <div class=\"ue-item-title\">Est-ce que Horizons propose des r\u00e9ductions ou des promotions sp\u00e9ciales pour les commandes dans les maquis et restaurant partenaires ?<\/div>\n      \n              <div class=\"ue-item-text\"><p>Horizons propose des r\u00e9ductions ou des promotions sp\u00e9ciales pour les commandes dans les maquis et restaurants partenaires.<\/p><\/div>\n      \n              \n      <\/div> \n<\/div>\n\n\n\n<div id=\"#ue-tab5\" class=\"uc_ac_box elementor-repeater-item-181d2c7 \" style=\"background-color:;\">\n  <div class=\"uc-heading uc_trigger\">\n    <span class=\"uc_dactive bbb ue_accordion_icon\"><i class='fas fa-plus'><\/i><\/span> \n    <span class=\"uc_active bbb ue_accordion_icon\"><i class='fas fa-minus'><\/i><\/span>\n    <div class=\"ue_heading_title\">Comment puis-je filtrer les annonces pour trouver celles qui m\u2019int\u00e9ressent le plus ?<\/div>\n  <\/div>\n  \n  <div class=\"uc_content\" >\n        \n      \n         \n                      \n            <div class=\"ue-item-title\">Comment puis-je filtrer les annonces pour trouver celles qui m\u2019int\u00e9ressent le plus ?<\/div>\n      \n              <div class=\"ue-item-text\"><p>Vous pouvez filtrer les annonces pour trouver celles qui vous int\u00e9ressent gr\u00e2ce \u00e0 la barre de recherche et \u00e0 l'affichage par cat\u00e9gorie.<\/p><\/div>\n      \n              \n      <\/div> \n<\/div>\n\n\n\n<div id=\"#ue-tab6\" class=\"uc_ac_box elementor-repeater-item-fd30fe9 \" style=\"background-color:;\">\n  <div class=\"uc-heading uc_trigger\">\n    <span class=\"uc_dactive bbb ue_accordion_icon\"><i class='fas fa-plus'><\/i><\/span> \n    <span class=\"uc_active bbb ue_accordion_icon\"><i class='fas fa-minus'><\/i><\/span>\n    <div class=\"ue_heading_title\">Quels types de jeux sont disponibles dans la section de divertissement de l\u2019application ?<\/div>\n  <\/div>\n  \n  <div class=\"uc_content\" >\n        \n      \n         \n                      \n            <div class=\"ue-item-title\">Quels types de jeux sont disponibles dans la section de divertissement de l\u2019application ?<\/div>\n      \n              <div class=\"ue-item-text\"><p>Sur Horizons vous pouvez jouer aux jeux TrouverLeMot, Puissance 4 et Puzzles.<\/p><\/div>\n      \n              \n      <\/div> \n<\/div>\n\n\n\n<div id=\"#ue-tab7\" class=\"uc_ac_box elementor-repeater-item-5e87438 \" style=\"background-color:;\">\n  <div class=\"uc-heading uc_trigger\">\n    <span class=\"uc_dactive bbb ue_accordion_icon\"><i class='fas fa-plus'><\/i><\/span> \n    <span class=\"uc_active bbb ue_accordion_icon\"><i class='fas fa-minus'><\/i><\/span>\n    <div class=\"ue_heading_title\">Comment puis-je partager mes annonces ou mes achats avec mes amis sur les r\u00e9seaux sociaux depuis l\u2019application ?<\/div>\n  <\/div>\n  \n  <div class=\"uc_content\" >\n        \n      \n         \n                      \n            <div class=\"ue-item-title\">Comment puis-je partager mes annonces ou mes achats avec mes amis sur les r\u00e9seaux sociaux depuis l\u2019application ?<\/div>\n      \n              <div class=\"ue-item-text\"><p>Vous pouvez partager vos annonces, vos produits ou m\u00eame votre panier d'achat gr\u00e2ce au bouton de partage.<\/p><\/div>\n      \n              \n      <\/div> \n<\/div>\n\n  <\/div>\n<\/div>\n\n\n\t\t\t<!-- end Content Accordion -->\t\t\t\t<\/div>\n\t\t\t\t<\/div>\n\t\t\t\t\t<\/div>\n\t\t<\/div>\n\t\t\t\t\t<\/div>\n\t\t<\/section>\n\t\t\t\t<\/div>\n\t\t","protected":false},"excerpt":{"rendered":"<p>FAQ Besoin d&#8217;Aide ? Consultez Notre FAQ ! Comment et o\u00f9 puis-je t\u00e9l\u00e9charger l\u2019application Horizons ?\u200b L&#8217;application Horizons est disponible au t\u00e9l\u00e9chargement sur la plateforme Google Play Store et pour la t\u00e9l\u00e9charger il faut disposer d\u2019un t\u00e9l\u00e9phone Android. L&#8217;ic\u00f4ne de l&#8217;application Horizons pr\u00e9sente le mot &#8220;horizons&#8221; \u00e9crit en plusieurs couleurs. Une fois que vous avez &hellip;<\/p>\n<p class=\"read-more\"> <a class=\"\" href=\"https:\/\/horizonsapps.com\/fr\/faq\/\"> <span class=\"screen-reader-text\">FAQ<\/span> Read More &raquo;<\/a><\/p>\n","protected":false},"author":2,"featured_media":0,"parent":0,"menu_order":0,"comment_status":"closed","ping_status":"closed","template":"","meta":{"site-sidebar-layout":"no-sidebar","site-content-layout":"page-builder","ast-global-header-display":"","ast-banner-title-visibility":"","ast-main-header-display":"","ast-hfb-above-header-display":"","ast-hfb-below-header-display":"","ast-hfb-mobile-header-display":"","site-post-title":"disabled","ast-breadcrumbs-content":"","ast-featured-img":"disabled","footer-sml-layout":"","theme-transparent-header-meta":"default","adv-header-id-meta":"","stick-header-meta":"","header-above-stick-meta":"","header-main-stick-meta":"","header-below-stick-meta":"","footnotes":""},"_links":{"self":[{"href":"https:\/\/horizonsapps.com\/fr\/wp-json\/wp\/v2\/pages\/2330"}],"collection":[{"href":"https:\/\/horizonsapps.com\/fr\/wp-json\/wp\/v2\/pages"}],"about":[{"href":"https:\/\/horizonsapps.com\/fr\/wp-json\/wp\/v2\/types\/page"}],"author":[{"embeddable":true,"href":"https:\/\/horizonsapps.com\/fr\/wp-json\/wp\/v2\/users\/2"}],"replies":[{"embeddable":true,"href":"https:\/\/horizonsapps.com\/fr\/wp-json\/wp\/v2\/comments?post=2330"}],"version-history":[{"count":70,"href":"https:\/\/horizonsapps.com\/fr\/wp-json\/wp\/v2\/pages\/2330\/revisions"}],"predecessor-version":[{"id":2470,"href":"https:\/\/horizonsapps.com\/fr\/wp-json\/wp\/v2\/pages\/2330\/revisions\/2470"}],"wp:attachment":[{"href":"https:\/\/horizonsapps.com\/fr\/wp-json\/wp\/v2\/media?parent=2330"}],"curies":[{"name":"wp","href":"https:\/\/api.w.org\/{rel}","templated":true}]}}